{"id":22373,"date":"2026-04-12T18:21:25","date_gmt":"2026-04-12T18:21:25","guid":{"rendered":"https:\/\/vacuumverpakt.nl\/?post_type=product&#038;p=22373"},"modified":"2026-04-12T18:21:53","modified_gmt":"2026-04-12T18:21:53","slug":"vacuum-relief-zakken-400-x-600-x-relief","status":"publish","type":"product","link":"https:\/\/vacuumverpakt.nl\/index.php\/product\/vacuum-relief-zakken-400-x-600-x-relief\/","title":{"rendered":"Vacu\u00fcm reli\u00ebf zakken 400 x 600 x reli\u00ebf 100st."},"content":{"rendered":"<h3><b>Vacu\u00fcm reli\u00ebf zakken<\/b><\/h3>\n<p class=\"p3\">Vacuum reli\u00ebf zakken zijn speciaal ontworpen voor het optimaal vacu\u00fcm verpakken van voedsel en andere producten. Dankzij de reli\u00ebfstructuur aan de binnenzijde wordt de lucht effici\u00ebnt afgevoerd, wat zorgt voor een perfecte en luchtdichte sealing. Hierdoor blijven producten langer vers en beter beschermd tegen invloeden van buitenaf.<\/p>\n<p class=\"p3\">De zakken zijn geschikt voor gebruik met de meeste externe vacu\u00fcmmachines en ideaal voor zowel professioneel gebruik als thuisgebruik. Perfect voor het bewaren, invriezen en sous-vide bereiden van voedsel.<\/p>\n<h1><\/h1>\n","protected":false},"excerpt":{"rendered":"<ul>\n<li>Vacu\u00fcm reli\u00ebfzak<\/li>\n<li>PA + PE reli\u00ebfzak<\/li>\n<li>75 my dikke zak<\/li>\n<li>Bruikbaar tot een maximum temperatuur van 85 \u00b0C<\/li>\n<li>Diepvriesbestendig<\/li>\n<li>100st. per verpakking<\/li>\n<\/ul>\n","protected":false},"featured_media":22371,"comment_status":"open","ping_status":"closed","template":"","meta":[],"product_brand":[],"product_cat":[367],"product_tag":[],"class_list":{"0":"post-22373","1":"product","2":"type-product","3":"status-publish","4":"has-post-thumbnail","6":"product_cat-vacuum-relief-zakken","8":"first","9":"instock","10":"sale","11":"taxable","12":"shipping-taxable","13":"purchasable","14":"product-type-simple"},"_links":{"self":[{"href":"https:\/\/vacuumverpakt.nl\/index.php\/wp-json\/wp\/v2\/product\/22373","targetHints":{"allow":["GET"]}}],"collection":[{"href":"https:\/\/vacuumverpakt.nl\/index.php\/wp-json\/wp\/v2\/product"}],"about":[{"href":"https:\/\/vacuumverpakt.nl\/index.php\/wp-json\/wp\/v2\/types\/product"}],"replies":[{"embeddable":true,"href":"https:\/\/vacuumverpakt.nl\/index.php\/wp-json\/wp\/v2\/comments?post=22373"}],"wp:featuredmedia":[{"embeddable":true,"href":"https:\/\/vacuumverpakt.nl\/index.php\/wp-json\/wp\/v2\/media\/22371"}],"wp:attachment":[{"href":"https:\/\/vacuumverpakt.nl\/index.php\/wp-json\/wp\/v2\/media?parent=22373"}],"wp:term":[{"taxonomy":"product_brand","embeddable":true,"href":"https:\/\/vacuumverpakt.nl\/index.php\/wp-json\/wp\/v2\/product_brand?post=22373"},{"taxonomy":"product_cat","embeddable":true,"href":"https:\/\/vacuumverpakt.nl\/index.php\/wp-json\/wp\/v2\/product_cat?post=22373"},{"taxonomy":"product_tag","embeddable":true,"href":"https:\/\/vacuumverpakt.nl\/index.php\/wp-json\/wp\/v2\/product_tag?post=22373"}],"curies":[{"name":"wp","href":"https:\/\/api.w.org\/{rel}","templated":true}]}}