{"id":21670,"date":"2025-12-12T21:32:42","date_gmt":"2025-12-12T21:32:42","guid":{"rendered":"https:\/\/vacuumverpakt.nl\/?post_type=product&#038;p=21670"},"modified":"2025-12-12T21:33:29","modified_gmt":"2025-12-12T21:33:29","slug":"vacuumzak-zijlas-150-x-250-x-70my-100-st","status":"publish","type":"product","link":"https:\/\/vacuumverpakt.nl\/index.php\/product\/vacuumzak-zijlas-150-x-250-x-70my-100-st\/","title":{"rendered":"Vacu\u00fcmzak zijlas 150 x 250 x 70my 100 st."},"content":{"rendered":"<h3>Vacu\u00fcmzak zijlas 150 x 250 x 70my 100 st.<\/h3>\n<div><\/div>\n<div><\/div>\n<p>Vacu\u00fcmzakken zijn een ideale verpakking voor de gekoelde opslag van vers voedsel zoals vlees, vis en vleeswaren. Doordat de zakken het contact met zuurstof voorkomen, blijft zowel het natuurlijk vochtgehalte als de kleur, geur, smaak, versheid en kwaliteit van de levensmiddelen langer behouden. Dankzij het transparante materiaal zie je in \u00e9\u00e9n oogopslag welke inhoud je vacu\u00fcmzak bevat.<\/p>\n<h1><\/h1>\n","protected":false},"excerpt":{"rendered":"<ul>\n<li>Vacu\u00fcmzak zijlas<\/li>\n<\/ul>\n<ul>\n<li>PA + PE Vacu\u00fcmzak<\/li>\n<\/ul>\n<ul>\n<li>70 my dikke zak<\/li>\n<\/ul>\n<ul>\n<li>1000 st. per doos<\/li>\n<li>verpakt per 100st.<\/li>\n<\/ul>\n","protected":false},"featured_media":21478,"comment_status":"open","ping_status":"closed","template":"","meta":[],"product_brand":[],"product_cat":[290],"product_tag":[],"class_list":{"0":"post-21670","1":"product","2":"type-product","3":"status-publish","4":"has-post-thumbnail","6":"product_cat-vacuumzak-zijlas-70my","8":"first","9":"instock","10":"taxable","11":"shipping-taxable","12":"purchasable","13":"product-type-simple"},"_links":{"self":[{"href":"https:\/\/vacuumverpakt.nl\/index.php\/wp-json\/wp\/v2\/product\/21670","targetHints":{"allow":["GET"]}}],"collection":[{"href":"https:\/\/vacuumverpakt.nl\/index.php\/wp-json\/wp\/v2\/product"}],"about":[{"href":"https:\/\/vacuumverpakt.nl\/index.php\/wp-json\/wp\/v2\/types\/product"}],"replies":[{"embeddable":true,"href":"https:\/\/vacuumverpakt.nl\/index.php\/wp-json\/wp\/v2\/comments?post=21670"}],"wp:featuredmedia":[{"embeddable":true,"href":"https:\/\/vacuumverpakt.nl\/index.php\/wp-json\/wp\/v2\/media\/21478"}],"wp:attachment":[{"href":"https:\/\/vacuumverpakt.nl\/index.php\/wp-json\/wp\/v2\/media?parent=21670"}],"wp:term":[{"taxonomy":"product_brand","embeddable":true,"href":"https:\/\/vacuumverpakt.nl\/index.php\/wp-json\/wp\/v2\/product_brand?post=21670"},{"taxonomy":"product_cat","embeddable":true,"href":"https:\/\/vacuumverpakt.nl\/index.php\/wp-json\/wp\/v2\/product_cat?post=21670"},{"taxonomy":"product_tag","embeddable":true,"href":"https:\/\/vacuumverpakt.nl\/index.php\/wp-json\/wp\/v2\/product_tag?post=21670"}],"curies":[{"name":"wp","href":"https:\/\/api.w.org\/{rel}","templated":true}]}}