{"id":21633,"date":"2024-12-24T10:02:01","date_gmt":"2024-12-24T10:02:01","guid":{"rendered":"https:\/\/vacuumverpakt.nl\/?post_type=product&#038;p=21633"},"modified":"2026-03-31T11:40:02","modified_gmt":"2026-03-31T11:40:02","slug":"sous-vide-vacuumzakken-115-graden-300-400-100-100-st","status":"publish","type":"product","link":"https:\/\/vacuumverpakt.nl\/index.php\/product\/sous-vide-vacuumzakken-115-graden-300-400-100-100-st\/","title":{"rendered":"SOUS VIDE vacuumzakken 115\u00b0 graden 300\/400\/100 100 st."},"content":{"rendered":"<h3>Sous vide\u00a0<b>115<\/b>\u00b0 graden PA + PE, 300 x 400 x 100my, transparant<\/h3>\n<div><\/div>\n<div><\/div>\n<p>Deze sous vide vacu\u00fcmzak zijn ideaal om voedsel zijn ideaal om etenswaren vacu\u00fcm in te verpakken. Ze zijn te gebruiken op alle vacu\u00fcmmachines met een vlakke sealbalk. Met een vacu\u00fcmzak bescherm je jouw etenswaren en verleng je de houdbaarheid. Of je nou vacu\u00fcmzakken voor vlees, gevogelte, kaas of vis zoekt, het kan er allemaal in.<\/p>\n<h1><\/h1>\n","protected":false},"excerpt":{"rendered":"<ul>\n<li>Geschikt voor SOUS VIDE <b>115<\/b>\u00b0 graden<\/li>\n<\/ul>\n<ul>\n<li>PA + PE Vacu\u00fcmzak<\/li>\n<\/ul>\n<ul>\n<li>100 my dikke zak<\/li>\n<\/ul>\n<ul>\n<li>500 st. per doos<\/li>\n<\/ul>\n","protected":false},"featured_media":21478,"comment_status":"open","ping_status":"closed","template":"","meta":[],"product_brand":[],"product_cat":[289],"product_tag":[],"class_list":{"0":"post-21633","1":"product","2":"type-product","3":"status-publish","4":"has-post-thumbnail","6":"product_cat-sous-vide-115-vacuumzakken","8":"first","9":"instock","10":"taxable","11":"shipping-taxable","12":"purchasable","13":"product-type-simple"},"_links":{"self":[{"href":"https:\/\/vacuumverpakt.nl\/index.php\/wp-json\/wp\/v2\/product\/21633","targetHints":{"allow":["GET"]}}],"collection":[{"href":"https:\/\/vacuumverpakt.nl\/index.php\/wp-json\/wp\/v2\/product"}],"about":[{"href":"https:\/\/vacuumverpakt.nl\/index.php\/wp-json\/wp\/v2\/types\/product"}],"replies":[{"embeddable":true,"href":"https:\/\/vacuumverpakt.nl\/index.php\/wp-json\/wp\/v2\/comments?post=21633"}],"wp:featuredmedia":[{"embeddable":true,"href":"https:\/\/vacuumverpakt.nl\/index.php\/wp-json\/wp\/v2\/media\/21478"}],"wp:attachment":[{"href":"https:\/\/vacuumverpakt.nl\/index.php\/wp-json\/wp\/v2\/media?parent=21633"}],"wp:term":[{"taxonomy":"product_brand","embeddable":true,"href":"https:\/\/vacuumverpakt.nl\/index.php\/wp-json\/wp\/v2\/product_brand?post=21633"},{"taxonomy":"product_cat","embeddable":true,"href":"https:\/\/vacuumverpakt.nl\/index.php\/wp-json\/wp\/v2\/product_cat?post=21633"},{"taxonomy":"product_tag","embeddable":true,"href":"https:\/\/vacuumverpakt.nl\/index.php\/wp-json\/wp\/v2\/product_tag?post=21633"}],"curies":[{"name":"wp","href":"https:\/\/api.w.org\/{rel}","templated":true}]}}