{"id":21614,"date":"2024-11-19T13:36:19","date_gmt":"2024-11-19T13:36:19","guid":{"rendered":"https:\/\/vacuumverpakt.nl\/?post_type=product&#038;p=21614"},"modified":"2024-11-19T14:23:02","modified_gmt":"2024-11-19T14:23:02","slug":"vacuumzakken-buis-400-600-140-my-100st","status":"publish","type":"product","link":"https:\/\/vacuumverpakt.nl\/index.php\/product\/vacuumzakken-buis-400-600-140-my-100st\/","title":{"rendered":"Vacuumzakken buis 400\/600\/140 my 100st."},"content":{"rendered":"<h3>Vacu\u00fcmzak, PA + PE, 400 x 600 x 140my, transparant<\/h3>\n<p>Deze vacu\u00fcmzakken voor voedsel zijn ideaal om etenswaren vacu\u00fcm in te verpakken. Ze zijn te gebruiken op alle vacu\u00fcmmachines met een vlakke sealbalk. Met een vacu\u00fcmzak bescherm je jouw etenswaren en verleng je de houdbaarheid. Of je nou vacu\u00fcmzakken voor vlees, gevogelte, kaas of vis zoekt, het kan er allemaal in.<\/p>\n<h1><\/h1>\n","protected":false},"excerpt":{"rendered":"<ul>\n<li>Geschikt voor Food en non food<\/li>\n<\/ul>\n<ul>\n<li>PA + PE Vacu\u00fcmzak<\/li>\n<\/ul>\n<ul>\n<li>140 my dikke zak<\/li>\n<\/ul>\n<ul>\n<li>300 st. per doos<\/li>\n<\/ul>\n","protected":false},"featured_media":21478,"comment_status":"open","ping_status":"closed","template":"","meta":[],"product_brand":[],"product_cat":[287],"product_tag":[],"class_list":{"0":"post-21614","1":"product","2":"type-product","3":"status-publish","4":"has-post-thumbnail","6":"product_cat-vacuumzakken-buis-140my","8":"first","9":"instock","10":"taxable","11":"shipping-taxable","12":"purchasable","13":"product-type-simple"},"_links":{"self":[{"href":"https:\/\/vacuumverpakt.nl\/index.php\/wp-json\/wp\/v2\/product\/21614","targetHints":{"allow":["GET"]}}],"collection":[{"href":"https:\/\/vacuumverpakt.nl\/index.php\/wp-json\/wp\/v2\/product"}],"about":[{"href":"https:\/\/vacuumverpakt.nl\/index.php\/wp-json\/wp\/v2\/types\/product"}],"replies":[{"embeddable":true,"href":"https:\/\/vacuumverpakt.nl\/index.php\/wp-json\/wp\/v2\/comments?post=21614"}],"wp:featuredmedia":[{"embeddable":true,"href":"https:\/\/vacuumverpakt.nl\/index.php\/wp-json\/wp\/v2\/media\/21478"}],"wp:attachment":[{"href":"https:\/\/vacuumverpakt.nl\/index.php\/wp-json\/wp\/v2\/media?parent=21614"}],"wp:term":[{"taxonomy":"product_brand","embeddable":true,"href":"https:\/\/vacuumverpakt.nl\/index.php\/wp-json\/wp\/v2\/product_brand?post=21614"},{"taxonomy":"product_cat","embeddable":true,"href":"https:\/\/vacuumverpakt.nl\/index.php\/wp-json\/wp\/v2\/product_cat?post=21614"},{"taxonomy":"product_tag","embeddable":true,"href":"https:\/\/vacuumverpakt.nl\/index.php\/wp-json\/wp\/v2\/product_tag?post=21614"}],"curies":[{"name":"wp","href":"https:\/\/api.w.org\/{rel}","templated":true}]}}