{"id":21577,"date":"2024-10-24T20:12:53","date_gmt":"2024-10-24T20:12:53","guid":{"rendered":"https:\/\/vacuumverpakt.nl\/?page_id=21577"},"modified":"2026-04-04T08:18:48","modified_gmt":"2026-04-04T08:18:48","slug":"vacuumzakken-3","status":"publish","type":"page","link":"https:\/\/vacuumverpakt.nl\/index.php\/verpakkings-materiaal\/vacuumzakken-3\/","title":{"rendered":"Vacuumzakken"},"content":{"rendered":"<p><div class=\"fusion-fullwidth fullwidth-box fusion-builder-row-1 fusion-flex-container has-pattern-background has-mask-background nonhundred-percent-fullwidth non-hundred-percent-height-scrolling\" style=\"--awb-border-radius-top-left:0px;--awb-border-radius-top-right:0px;--awb-border-radius-bottom-right:0px;--awb-border-radius-bottom-left:0px;--awb-flex-wrap:wrap;\" ><div class=\"fusion-builder-row fusion-row fusion-flex-align-items-flex-start fusion-flex-content-wrap\" style=\"max-width:1216.8px;margin-left: calc(-4% \/ 2 );margin-right: calc(-4% \/ 2 );\"><div class=\"fusion-layout-column fusion_builder_column fusion-builder-column-0 fusion_builder_column_1_1 1_1 fusion-flex-column\" style=\"--awb-bg-size:cover;--awb-width-large:100%;--awb-margin-top-large:15px;--awb-spacing-right-large:1.92%;--awb-margin-bottom-large:15px;--awb-spacing-left-large:1.92%;--awb-width-medium:100%;--awb-order-medium:0;--awb-spacing-right-medium:1.92%;--awb-spacing-left-medium:1.92%;--awb-width-small:100%;--awb-order-small:0;--awb-spacing-right-small:1.92%;--awb-spacing-left-small:1.92%;\"><div class=\"fusion-column-wrapper fusion-column-has-shadow fusion-flex-justify-content-flex-start fusion-content-layout-column\"><div class=\"fusion-text fusion-text-1\" style=\"--awb-text-color:var(--awb-custom_color_1);\"><p><b><span style=\"font-size: 36px;\" data-fusion-font=\"true\">Ons <\/span><span style=\"font-size: 36px;\" data-fusion-font=\"true\">assortiment<\/span><span style=\"font-size: 36px;\" data-fusion-font=\"true\"> vacu\u00fcmzakken<\/span><\/b><\/p>\n<p>Bij Vacuumverpakt.nl vind je een compleet assortiment professionele vacu\u00fcmzakken in verschillende diktes en uitvoeringen. Of je nu in de horeca werkt, slager bent of producten verpakt voor opslag en transport \u2013 wij hebben altijd een passende oplossing.<\/p>\n<p>Hieronder zie je in \u00e9\u00e9n oogopslag welke diktes en types we leveren. Klik op een blok om direct de juiste vacu\u00fcmzakken te bekijken.<\/p>\n<\/div><\/div><\/div><\/div><\/div><div class=\"fusion-fullwidth fullwidth-box fusion-builder-row-2 fusion-flex-container has-pattern-background has-mask-background nonhundred-percent-fullwidth non-hundred-percent-height-scrolling\" style=\"--awb-border-radius-top-left:0px;--awb-border-radius-top-right:0px;--awb-border-radius-bottom-right:0px;--awb-border-radius-bottom-left:0px;--awb-flex-wrap:wrap;\" ><div class=\"fusion-builder-row fusion-row fusion-flex-align-items-flex-start fusion-flex-content-wrap\" style=\"max-width:1216.8px;margin-left: calc(-4% \/ 2 );margin-right: calc(-4% \/ 2 );\"><div class=\"fusion-layout-column fusion_builder_column fusion-builder-column-1 fusion_builder_column_1_1 1_1 fusion-flex-column\" style=\"--awb-bg-size:cover;--awb-width-large:100%;--awb-margin-top-large:15px;--awb-spacing-right-large:1.92%;--awb-margin-bottom-large:15px;--awb-spacing-left-large:1.92%;--awb-width-medium:100%;--awb-order-medium:0;--awb-spacing-right-medium:1.92%;--awb-spacing-left-medium:1.92%;--awb-width-small:100%;--awb-order-small:0;--awb-spacing-right-small:1.92%;--awb-spacing-left-small:1.92%;\"><div class=\"fusion-column-wrapper fusion-column-has-shadow fusion-flex-justify-content-flex-start fusion-content-layout-column\"><div class=\"fusion-title title fusion-title-1 fusion-title-center fusion-title-text fusion-title-size-one fusion-animated\" style=\"--awb-text-color:var(--awb-custom_color_1);--awb-margin-top-small:10px;--awb-margin-bottom-small:20px;\" data-animationType=\"bounceInLeft\" data-animationDuration=\"1.5\" data-animationOffset=\"top-into-view\"><div class=\"title-sep-container title-sep-container-left\"><div class=\"title-sep sep- sep-solid\" style=\"border-color:var(--awb-color3);\"><\/div><\/div><span class=\"awb-title-spacer\"><\/span><h1 class=\"fusion-title-heading title-heading-center fusion-responsive-typography-calculated\" style=\"margin:0;--fontSize:50;line-height:var(--awb-typography1-line-height);\">Vacuumzakken<\/h1><span class=\"awb-title-spacer\"><\/span><div class=\"title-sep-container title-sep-container-right\"><div class=\"title-sep sep- sep-solid\" style=\"border-color:var(--awb-color3);\"><\/div><\/div><\/div><\/div><\/div><\/div><\/div><div class=\"fusion-fullwidth fullwidth-box fusion-builder-row-3 fusion-flex-container nonhundred-percent-fullwidth non-hundred-percent-height-scrolling\" style=\"--awb-background-position:left top;--awb-border-sizes-top:0px;--awb-border-sizes-bottom:0px;--awb-border-sizes-left:0px;--awb-border-sizes-right:0px;--awb-border-radius-top-left:0px;--awb-border-radius-top-right:0px;--awb-border-radius-bottom-right:0px;--awb-border-radius-bottom-left:0px;--awb-padding-top:10px;--awb-padding-bottom:20px;--awb-flex-wrap:wrap;\" ><div class=\"fusion-builder-row fusion-row fusion-flex-align-items-stretch fusion-flex-content-wrap\" style=\"max-width:1216.8px;margin-left: calc(-4% \/ 2 );margin-right: calc(-4% \/ 2 );\"><div class=\"fusion-layout-column fusion_builder_column fusion-builder-column-2 fusion_builder_column_1_4 1_4 fusion-flex-column fusion-column-inner-bg-wrapper\" style=\"--awb-padding-top:20%;--awb-padding-right:5%;--awb-padding-bottom:20%;--awb-padding-left:5%;--awb-overflow:hidden;--awb-inner-bg-color:var(--awb-color1);--awb-inner-bg-color-hover:var(--awb-color1);--awb-inner-bg-position:center center;--awb-inner-bg-size:cover;--awb-border-color:var(--awb-color6);--awb-border-top:2px;--awb-border-right:2px;--awb-border-bottom:2px;--awb-border-left:2px;--awb-border-style:solid;--awb-border-radius:15px 15px 15px 15px;--awb-inner-bg-border-radius:15px 15px 15px 15px;--awb-inner-bg-overflow:hidden;--awb-width-large:25%;--awb-margin-top-large:15px;--awb-spacing-right-large:7.68%;--awb-margin-bottom-large:15px;--awb-spacing-left-large:7.68%;--awb-width-medium:33.333333333333%;--awb-order-medium:0;--awb-spacing-right-medium:5.76%;--awb-spacing-left-medium:5.76%;--awb-width-small:100%;--awb-order-small:0;--awb-spacing-right-small:1.92%;--awb-spacing-left-small:1.92%;\" data-scroll-devices=\"small-visibility,medium-visibility,large-visibility\"><span class=\"fusion-column-inner-bg hover-type-zoomin\"><a class=\"fusion-column-anchor\" href=\"https:\/\/vacuumverpakt.nl\/index.php\/vacuumzakken-zijlas-70-my\/\"><span class=\"fusion-column-inner-bg-image\"><\/span><\/a><\/span><div class=\"fusion-column-wrapper fusion-column-has-shadow fusion-flex-justify-content-center fusion-content-layout-column\"><div class=\"fusion-text fusion-text-2\" style=\"--awb-content-alignment:center;--awb-font-size:18px;--awb-line-height:30px;--awb-letter-spacing:3px;--awb-text-color:var(--awb-color1);\"><p style=\"color: var(--awb-custom_color_1);\">ZIJLAS<\/p>\n<p style=\"color: var(--awb-custom_color_1);\">VACUUMZAKKEN<\/p>\n<\/div><a class=\"awb-lightbox awb-lightbox-1\"><img class=\"lazyload\" decoding=\"async\" title=\"vacu\u00fcmzakken-2\" width=\"701\" height=\"753\" src=\"data:image\/svg+xml,%3Csvg%20xmlns%3D%27http%3A%2F%2Fwww.w3.org%2F2000%2Fsvg%27%20width%3D%27701%27%20height%3D%27753%27%20viewBox%3D%270%200%20701%20753%27%3E%3Crect%20width%3D%27701%27%20height%3D%27753%27%20fill-opacity%3D%220%22%2F%3E%3C%2Fsvg%3E\" data-orig-src=\"https:\/\/vacuumverpakt.nl\/wp-content\/uploads\/2024\/10\/vacuumzakken-2-1.png\"><\/a><div style=\"text-align:center;\"><a class=\"fusion-button button-flat fusion-button-default-size button-custom fusion-button-default button-1 fusion-button-default-span fusion-button-default-type\" style=\"--button_accent_color:var(--awb-custom_color_1);--button_border_color:var(--awb-custom_color_1);--button_accent_hover_color:var(--awb-color1);--button_border_hover_color:var(--awb-color1);--button_border_width-top:2px;--button_border_width-right:2px;--button_border_width-bottom:2px;--button_border_width-left:2px;--button_gradient_top_color:rgba(255, 255, 255, 0.114582);--button_gradient_bottom_color:rgba(255, 255, 255, 0.114582);--button_gradient_top_color_hover:rgba(255,255,255,0);--button_gradient_bottom_color_hover:rgba(255,255,255,0);\" target=\"_blank\" rel=\"noopener noreferrer\" href=\"https:\/\/vacuumverpakt.nl\/index.php\/vacuumzakken-4\/\"><span class=\"fusion-button-text awb-button__text awb-button__text--default\">BEKIJK MEER<\/span><\/a><\/div><\/div><\/div><div class=\"fusion-layout-column fusion_builder_column fusion-builder-column-3 fusion_builder_column_1_4 1_4 fusion-flex-column fusion-column-inner-bg-wrapper\" style=\"--awb-padding-top:20%;--awb-padding-right:5%;--awb-padding-bottom:20%;--awb-padding-left:5%;--awb-overflow:hidden;--awb-inner-bg-color:var(--awb-color1);--awb-inner-bg-color-hover:var(--awb-color1);--awb-inner-bg-position:center center;--awb-inner-bg-size:cover;--awb-border-color:var(--awb-color6);--awb-border-top:2px;--awb-border-right:2px;--awb-border-bottom:2px;--awb-border-left:2px;--awb-border-style:solid;--awb-border-radius:15px 15px 15px 15px;--awb-inner-bg-border-radius:15px 15px 15px 15px;--awb-inner-bg-overflow:hidden;--awb-width-large:25%;--awb-margin-top-large:15px;--awb-spacing-right-large:7.68%;--awb-margin-bottom-large:15px;--awb-spacing-left-large:7.68%;--awb-width-medium:33.333333333333%;--awb-order-medium:0;--awb-spacing-right-medium:5.76%;--awb-spacing-left-medium:5.76%;--awb-width-small:100%;--awb-order-small:0;--awb-spacing-right-small:1.92%;--awb-spacing-left-small:1.92%;\" data-scroll-devices=\"small-visibility,medium-visibility,large-visibility\"><span class=\"fusion-column-inner-bg hover-type-zoomin\"><a class=\"fusion-column-anchor\" href=\"https:\/\/vacuumverpakt.nl\/index.php\/vacuumzakken-4\/\"><span class=\"fusion-column-inner-bg-image\"><\/span><\/a><\/span><div class=\"fusion-column-wrapper fusion-column-has-shadow fusion-flex-justify-content-center fusion-content-layout-column\"><div class=\"fusion-text fusion-text-3\" style=\"--awb-content-alignment:center;--awb-font-size:18px;--awb-line-height:30px;--awb-letter-spacing:3px;--awb-text-color:var(--awb-custom_color_1);\"><p style=\"color: var(--awb-custom_color_1);\">BUIS<\/p>\n<p style=\"color: var(--awb-custom_color_1);\">VACUUMZAKKEN<\/p>\n<\/div><a class=\"awb-lightbox awb-lightbox-2\"><img class=\"lazyload\" decoding=\"async\" title=\"vacu\u00fcmzakken-2\" width=\"701\" height=\"753\" src=\"data:image\/svg+xml,%3Csvg%20xmlns%3D%27http%3A%2F%2Fwww.w3.org%2F2000%2Fsvg%27%20width%3D%27701%27%20height%3D%27753%27%20viewBox%3D%270%200%20701%20753%27%3E%3Crect%20width%3D%27701%27%20height%3D%27753%27%20fill-opacity%3D%220%22%2F%3E%3C%2Fsvg%3E\" data-orig-src=\"https:\/\/vacuumverpakt.nl\/wp-content\/uploads\/2024\/10\/vacuumzakken-2-1.png\"><\/a><div style=\"text-align:center;\"><a class=\"fusion-button button-flat fusion-button-default-size button-custom fusion-button-default button-2 fusion-button-default-span fusion-button-default-type\" style=\"--button_accent_color:var(--awb-custom_color_1);--button_border_color:var(--awb-custom_color_1);--button_accent_hover_color:var(--awb-color1);--button_border_hover_color:var(--awb-color1);--button_border_width-top:2px;--button_border_width-right:2px;--button_border_width-bottom:2px;--button_border_width-left:2px;--button_gradient_top_color:rgba(255,255,255,0.114582);--button_gradient_bottom_color:rgba(255,255,255,0.114582);--button_gradient_top_color_hover:rgba(255,255,255,0);--button_gradient_bottom_color_hover:rgba(255,255,255,0);\" target=\"_blank\" rel=\"noopener noreferrer\" href=\"https:\/\/vacuumverpakt.nl\/index.php\/vacuumzakken-4\/\"><span class=\"fusion-button-text awb-button__text awb-button__text--default\">BEKIJK MEER<\/span><\/a><\/div><\/div><\/div><div class=\"fusion-layout-column fusion_builder_column fusion-builder-column-4 fusion_builder_column_1_4 1_4 fusion-flex-column fusion-column-inner-bg-wrapper\" style=\"--awb-padding-top:20%;--awb-padding-right:5%;--awb-padding-bottom:20%;--awb-padding-left:5%;--awb-overflow:hidden;--awb-inner-bg-color:var(--awb-color1);--awb-inner-bg-color-hover:var(--awb-color1);--awb-inner-bg-position:center center;--awb-inner-bg-size:cover;--awb-border-color:var(--awb-color6);--awb-border-top:2px;--awb-border-right:2px;--awb-border-bottom:2px;--awb-border-left:2px;--awb-border-style:solid;--awb-border-radius:15px 15px 15px 15px;--awb-inner-bg-border-radius:15px 15px 15px 15px;--awb-inner-bg-overflow:hidden;--awb-width-large:25%;--awb-margin-top-large:15px;--awb-spacing-right-large:7.68%;--awb-margin-bottom-large:15px;--awb-spacing-left-large:7.68%;--awb-width-medium:33.333333333333%;--awb-order-medium:0;--awb-spacing-right-medium:5.76%;--awb-spacing-left-medium:5.76%;--awb-width-small:100%;--awb-order-small:0;--awb-spacing-right-small:1.92%;--awb-spacing-left-small:1.92%;\" data-scroll-devices=\"small-visibility,medium-visibility,large-visibility\"><span class=\"fusion-column-inner-bg hover-type-zoomin\"><a class=\"fusion-column-anchor\" href=\"https:\/\/vacuumverpakt.nl\/index.php\/vacuumzakken-3\/vacuumzakken-sous-vide-115\/\"><span class=\"fusion-column-inner-bg-image\"><\/span><\/a><\/span><div class=\"fusion-column-wrapper fusion-column-has-shadow fusion-flex-justify-content-center fusion-content-layout-column\"><div class=\"fusion-text fusion-text-4\" style=\"--awb-content-alignment:center;--awb-font-size:18px;--awb-line-height:30px;--awb-letter-spacing:3px;--awb-text-color:var(--awb-custom_color_1);\"><p style=\"color: var(--awb-color1);\"><span style=\"color: var(--awb-custom_color_1);\">SOUS VIDE <\/span><b style=\"color: var(--awb-custom_color_1);\">115<\/b><span style=\"color: var(--awb-custom_color_1);\">\u00b0<\/span><\/p>\n<p style=\"color: var(--awb-custom_color_1);\">VACUUMZAKKEN<\/p>\n<\/div><a class=\"awb-lightbox awb-lightbox-3\"><img class=\"lazyload\" decoding=\"async\" title=\"vacu\u00fcmzakken-2\" width=\"701\" height=\"753\" src=\"data:image\/svg+xml,%3Csvg%20xmlns%3D%27http%3A%2F%2Fwww.w3.org%2F2000%2Fsvg%27%20width%3D%27701%27%20height%3D%27753%27%20viewBox%3D%270%200%20701%20753%27%3E%3Crect%20width%3D%27701%27%20height%3D%27753%27%20fill-opacity%3D%220%22%2F%3E%3C%2Fsvg%3E\" data-orig-src=\"https:\/\/vacuumverpakt.nl\/wp-content\/uploads\/2024\/10\/vacuumzakken-2-1.png\"><\/a><div style=\"text-align:center;\"><a class=\"fusion-button button-flat fusion-button-default-size button-custom fusion-button-default button-3 fusion-button-default-span fusion-button-default-type\" style=\"--button_accent_color:var(--awb-custom_color_1);--button_border_color:var(--awb-custom_color_1);--button_accent_hover_color:var(--awb-color1);--button_border_hover_color:var(--awb-color1);--button_border_width-top:2px;--button_border_width-right:2px;--button_border_width-bottom:2px;--button_border_width-left:2px;--button_gradient_top_color:rgba(255,255,255,0.114582);--button_gradient_bottom_color:rgba(255,255,255,0.114582);--button_gradient_top_color_hover:rgba(255,255,255,0);--button_gradient_bottom_color_hover:rgba(255,255,255,0);\" target=\"_self\" href=\"https:\/\/vacuumverpakt.nl\/index.php\/vacuumzakken-3\/vacuumzakken-sous-vide-115\/\"><span class=\"fusion-button-text awb-button__text awb-button__text--default\">BEKIJK MEER<\/span><\/a><\/div><\/div><\/div><div class=\"fusion-layout-column fusion_builder_column fusion-builder-column-5 fusion_builder_column_1_4 1_4 fusion-flex-column fusion-column-inner-bg-wrapper\" style=\"--awb-padding-top:20%;--awb-padding-right:5%;--awb-padding-bottom:20%;--awb-padding-left:5%;--awb-overflow:hidden;--awb-inner-bg-color:var(--awb-color1);--awb-inner-bg-color-hover:var(--awb-color1);--awb-inner-bg-position:center center;--awb-inner-bg-size:cover;--awb-border-color:var(--awb-color6);--awb-border-top:2px;--awb-border-right:2px;--awb-border-bottom:2px;--awb-border-left:2px;--awb-border-style:solid;--awb-border-radius:15px 15px 15px 15px;--awb-inner-bg-border-radius:15px 15px 15px 15px;--awb-inner-bg-overflow:hidden;--awb-width-large:25%;--awb-margin-top-large:15px;--awb-spacing-right-large:7.68%;--awb-margin-bottom-large:15px;--awb-spacing-left-large:7.68%;--awb-width-medium:33.333333333333%;--awb-order-medium:0;--awb-spacing-right-medium:5.76%;--awb-spacing-left-medium:5.76%;--awb-width-small:100%;--awb-order-small:0;--awb-spacing-right-small:1.92%;--awb-spacing-left-small:1.92%;\" data-scroll-devices=\"small-visibility,medium-visibility,large-visibility\"><span class=\"fusion-column-inner-bg hover-type-zoomin\"><a class=\"fusion-column-anchor\" href=\"https:\/\/vacuumverpakt.nl\/index.php\/vacuumzakken-3\/vacuumzakken-sous-vide-115\/\"><span class=\"fusion-column-inner-bg-image\"><\/span><\/a><\/span><div class=\"fusion-column-wrapper fusion-column-has-shadow fusion-flex-justify-content-center fusion-content-layout-column\"><div class=\"fusion-text fusion-text-5\" style=\"--awb-content-alignment:center;--awb-font-size:18px;--awb-line-height:30px;--awb-letter-spacing:3px;--awb-text-color:var(--awb-color8);\"><p><span style=\"color: var(--awb-custom_color_1);\">ALUMINIUM<\/span><\/p>\n<p style=\"color: var(--awb-custom_color_1);\">VACUUMZAKKEN<\/p>\n<\/div><a class=\"awb-lightbox awb-lightbox-4\"><img class=\"lazyload\" decoding=\"async\" title=\"vacu\u00fcmzakken-2\" width=\"701\" height=\"753\" src=\"data:image\/svg+xml,%3Csvg%20xmlns%3D%27http%3A%2F%2Fwww.w3.org%2F2000%2Fsvg%27%20width%3D%27701%27%20height%3D%27753%27%20viewBox%3D%270%200%20701%20753%27%3E%3Crect%20width%3D%27701%27%20height%3D%27753%27%20fill-opacity%3D%220%22%2F%3E%3C%2Fsvg%3E\" data-orig-src=\"https:\/\/vacuumverpakt.nl\/wp-content\/uploads\/2024\/10\/vacuumzakken-2-1.png\"><\/a><div style=\"text-align:center;\"><a class=\"fusion-button button-flat fusion-button-default-size button-custom fusion-button-default button-4 fusion-button-default-span fusion-button-default-type\" style=\"--button_accent_color:var(--awb-custom_color_1);--button_border_color:var(--awb-custom_color_1);--button_accent_hover_color:var(--awb-color1);--button_border_hover_color:var(--awb-color1);--button_border_width-top:2px;--button_border_width-right:2px;--button_border_width-bottom:2px;--button_border_width-left:2px;--button_gradient_top_color:rgba(255, 255, 255, 0.114582);--button_gradient_bottom_color:rgba(255, 255, 255, 0.114582);--button_gradient_top_color_hover:rgba(255,255,255,0);--button_gradient_bottom_color_hover:rgba(255,255,255,0);\" target=\"_blank\" rel=\"noopener noreferrer\" href=\"https:\/\/vacuumverpakt.nl\/index.php\/aura-serie\/\"><span class=\"fusion-button-text awb-button__text awb-button__text--default\">BEKIJK MEER<\/span><\/a><\/div><\/div><\/div><\/div><\/div><\/p>\n","protected":false},"excerpt":{"rendered":"","protected":false},"author":1,"featured_media":0,"parent":21750,"menu_order":0,"comment_status":"closed","ping_status":"closed","template":"100-width.php","meta":{"footnotes":""},"class_list":["post-21577","page","type-page","status-publish","hentry"],"_links":{"self":[{"href":"https:\/\/vacuumverpakt.nl\/index.php\/wp-json\/wp\/v2\/pages\/21577","targetHints":{"allow":["GET"]}}],"collection":[{"href":"https:\/\/vacuumverpakt.nl\/index.php\/wp-json\/wp\/v2\/pages"}],"about":[{"href":"https:\/\/vacuumverpakt.nl\/index.php\/wp-json\/wp\/v2\/types\/page"}],"author":[{"embeddable":true,"href":"https:\/\/vacuumverpakt.nl\/index.php\/wp-json\/wp\/v2\/users\/1"}],"replies":[{"embeddable":true,"href":"https:\/\/vacuumverpakt.nl\/index.php\/wp-json\/wp\/v2\/comments?post=21577"}],"version-history":[{"count":0,"href":"https:\/\/vacuumverpakt.nl\/index.php\/wp-json\/wp\/v2\/pages\/21577\/revisions"}],"up":[{"embeddable":true,"href":"https:\/\/vacuumverpakt.nl\/index.php\/wp-json\/wp\/v2\/pages\/21750"}],"wp:attachment":[{"href":"https:\/\/vacuumverpakt.nl\/index.php\/wp-json\/wp\/v2\/media?parent=21577"}],"curies":[{"name":"wp","href":"https:\/\/api.w.org\/{rel}","templated":true}]}}